{"id":1380,"date":"2025-05-20T20:55:56","date_gmt":"2025-05-21T00:55:56","guid":{"rendered":"https:\/\/myriadprivatewealth.com\/nos-services\/estate-insurance-planning\/"},"modified":"2026-01-13T12:53:41","modified_gmt":"2026-01-13T16:53:41","slug":"planification-successorale-et-dassurance","status":"publish","type":"page","link":"https:\/\/myriadprivatewealth.com\/fr\/nos-services\/planification-successorale-et-dassurance\/","title":{"rendered":"Planification successorale et d\u2019assurance*"},"content":{"rendered":"\t\t<div data-elementor-type=\"wp-page\" data-elementor-id=\"1380\" class=\"elementor elementor-1380 elementor-87\" data-elementor-post-type=\"page\">\n\t\t\t\t<div class=\"elementor-element elementor-element-650ec2bd e-con-full e-flex e-con e-parent\" data-id=\"650ec2bd\" data-element_type=\"container\" data-e-type=\"container\" data-settings=\"{&quot;background_background&quot;:&quot;classic&quot;}\">\n\t\t<div class=\"elementor-element elementor-element-1471f91e e-flex e-con-boxed e-con e-child\" data-id=\"1471f91e\" data-element_type=\"container\" data-e-type=\"container\">\n\t\t\t\t\t<div class=\"e-con-inner\">\n\t\t<div class=\"elementor-element elementor-element-4f51f9d4 e-con-full e-flex e-con e-child\" data-id=\"4f51f9d4\" data-element_type=\"container\" data-e-type=\"container\">\n\t\t\t\t<div class=\"elementor-element elementor-element-73b0f864 elementor-widget elementor-widget-heading\" data-id=\"73b0f864\" data-element_type=\"widget\" data-e-type=\"widget\" data-widget_type=\"heading.default\">\n\t\t\t\t<div class=\"elementor-widget-container\">\n\t\t\t\t\t<h1 class=\"elementor-heading-title elementor-size-default\"><span>Planification successorale<\/span> et d\u2019assurance*<\/h1>\t\t\t\t<\/div>\n\t\t\t\t<\/div>\n\t\t\t\t<\/div>\n\t\t\t\t\t<\/div>\n\t\t\t\t<\/div>\n\t\t\t\t<\/div>\n\t\t<div class=\"elementor-element elementor-element-657230ab e-con-full e-flex e-con e-parent\" data-id=\"657230ab\" data-element_type=\"container\" data-e-type=\"container\">\n\t\t<div class=\"elementor-element elementor-element-3d54c332 e-flex e-con-boxed e-con e-child\" data-id=\"3d54c332\" data-element_type=\"container\" data-e-type=\"container\">\n\t\t\t\t\t<div class=\"e-con-inner\">\n\t\t<div class=\"elementor-element elementor-element-63851263 e-con-full e-flex e-con e-child\" data-id=\"63851263\" data-element_type=\"container\" data-e-type=\"container\">\n\t\t\t\t<div class=\"elementor-element elementor-element-1c107aed elementor-widget__width-initial elementor-widget elementor-widget-heading\" data-id=\"1c107aed\" data-element_type=\"widget\" data-e-type=\"widget\" data-widget_type=\"heading.default\">\n\t\t\t\t<div class=\"elementor-widget-container\">\n\t\t\t\t\t<h2 class=\"elementor-heading-title elementor-size-default\">\u00c9paul\u00e9e par un <span> r\u00e9seau de professionnels<\/span><\/h2>\t\t\t\t<\/div>\n\t\t\t\t<\/div>\n\t\t\t\t<div class=\"elementor-element elementor-element-42a4abf4 elementor-widget elementor-widget-text-editor\" data-id=\"42a4abf4\" data-element_type=\"widget\" data-e-type=\"widget\" data-widget_type=\"text-editor.default\">\n\t\t\t\t<div class=\"elementor-widget-container\">\n\t\t\t\t\t\t\t\t\t<p>Compos\u00e9e de notaires, comptables, actuaires, fiscalistes et avocats.<\/p>\t\t\t\t\t\t\t\t<\/div>\n\t\t\t\t<\/div>\n\t\t\t\t<\/div>\n\t\t<div class=\"elementor-element elementor-element-9ecdfdf e-grid e-con-full e-con e-child\" data-id=\"9ecdfdf\" data-element_type=\"container\" data-e-type=\"container\">\n\t\t<div class=\"elementor-element elementor-element-184f5a3b e-con-full e-flex e-con e-child\" data-id=\"184f5a3b\" data-element_type=\"container\" data-e-type=\"container\">\n\t\t\t\t<div class=\"elementor-element elementor-element-4a130212 elementor-widget elementor-widget-image\" data-id=\"4a130212\" data-element_type=\"widget\" data-e-type=\"widget\" data-widget_type=\"image.default\">\n\t\t\t\t<div class=\"elementor-widget-container\">\n\t\t\t\t\t\t\t\t\t\t\t\t\t\t\t<img fetchpriority=\"high\" decoding=\"async\" width=\"1010\" height=\"592\" src=\"https:\/\/myriadprivatewealth.com\/wp-content\/uploads\/2025\/06\/process6-estate-maximizer.jpg\" class=\"attachment-full size-full wp-image-1199\" alt=\"\" srcset=\"https:\/\/myriadprivatewealth.com\/wp-content\/uploads\/2025\/06\/process6-estate-maximizer.jpg 1010w, https:\/\/myriadprivatewealth.com\/wp-content\/uploads\/2025\/06\/process6-estate-maximizer-300x176.jpg 300w, https:\/\/myriadprivatewealth.com\/wp-content\/uploads\/2025\/06\/process6-estate-maximizer-768x450.jpg 768w\" sizes=\"(max-width: 1010px) 100vw, 1010px\" \/>\t\t\t\t\t\t\t\t\t\t\t\t\t\t\t<\/div>\n\t\t\t\t<\/div>\n\t\t\t\t<\/div>\n\t\t<div class=\"elementor-element elementor-element-30018a53 e-con-full e-flex e-con e-child\" data-id=\"30018a53\" data-element_type=\"container\" data-e-type=\"container\">\n\t\t\t\t<div class=\"elementor-element elementor-element-77a6cae8 elementor-widget elementor-widget-heading\" data-id=\"77a6cae8\" data-element_type=\"widget\" data-e-type=\"widget\" data-widget_type=\"heading.default\">\n\t\t\t\t<div class=\"elementor-widget-container\">\n\t\t\t\t\t<h5 class=\"elementor-heading-title elementor-size-default\">Services offerts<\/h5>\t\t\t\t<\/div>\n\t\t\t\t<\/div>\n\t\t\t\t<div class=\"elementor-element elementor-element-81a7b29 elementor-widget elementor-widget-heading\" data-id=\"81a7b29\" data-element_type=\"widget\" data-e-type=\"widget\" data-widget_type=\"heading.default\">\n\t\t\t\t<div class=\"elementor-widget-container\">\n\t\t\t\t\t<h6 class=\"elementor-heading-title elementor-size-default\">PROT\u00c9GER * :<\/h6>\t\t\t\t<\/div>\n\t\t\t\t<\/div>\n\t\t\t\t<div class=\"elementor-element elementor-element-26057b9b elementor-widget elementor-widget-text-editor\" data-id=\"26057b9b\" data-element_type=\"widget\" data-e-type=\"widget\" data-widget_type=\"text-editor.default\">\n\t\t\t\t<div class=\"elementor-widget-container\">\n\t\t\t\t\t\t\t\t\t<ul><li>votre revenu (contre les impr\u00e9vus de la vie)<\/li><li>votre patrimoine (imp\u00f4t sur les REER, imp\u00f4t foncier, etc.)<\/li><li>votre succession (h\u00e9ritage)<\/li><\/ul>\t\t\t\t\t\t\t\t<\/div>\n\t\t\t\t<\/div>\n\t\t\t\t<div class=\"elementor-element elementor-element-f8adbd9 elementor-widget elementor-widget-heading\" data-id=\"f8adbd9\" data-element_type=\"widget\" data-e-type=\"widget\" data-widget_type=\"heading.default\">\n\t\t\t\t<div class=\"elementor-widget-container\">\n\t\t\t\t\t<h6 class=\"elementor-heading-title elementor-size-default\">ET \u00c0 \u00c9TABLIR :<\/h6>\t\t\t\t<\/div>\n\t\t\t\t<\/div>\n\t\t\t\t<div class=\"elementor-element elementor-element-ca88049 elementor-widget elementor-widget-text-editor\" data-id=\"ca88049\" data-element_type=\"widget\" data-e-type=\"widget\" data-widget_type=\"text-editor.default\">\n\t\t\t\t<div class=\"elementor-widget-container\">\n\t\t\t\t\t\t\t\t\t<ul><li>des strat\u00e9gies de dons caritatifs ou de fondations<\/li><li>des fiducies<\/li><li>des soci\u00e9t\u00e9s d\u2019investissements (holdings)<\/li><li>des testaments, fiducies testamentaires, procurations et mandats de protection<\/li><\/ul>\t\t\t\t\t\t\t\t<\/div>\n\t\t\t\t<\/div>\n\t\t\t\t<\/div>\n\t\t\t\t<\/div>\n\t\t\t\t<div class=\"elementor-element elementor-element-403bcba elementor-widget elementor-widget-text-editor\" data-id=\"403bcba\" data-element_type=\"widget\" data-e-type=\"widget\" data-widget_type=\"text-editor.default\">\n\t\t\t\t<div class=\"elementor-widget-container\">\n\t\t\t\t\t\t\t\t\t<p><em>Divulgation: Les produits et services fournis par des tiers, y compris par voie de recommandation, sont enti\u00e8rement ind\u00e9pendants de ceux fournis par iA Gestion de patrimoine inc.<\/em><\/p>\t\t\t\t\t\t\t\t<\/div>\n\t\t\t\t<\/div>\n\t\t\t\t\t<\/div>\n\t\t\t\t<\/div>\n\t\t\t\t<\/div>\n\t\t<div class=\"elementor-element elementor-element-593931b8 e-con-full e-flex e-con e-parent\" data-id=\"593931b8\" data-element_type=\"container\" data-e-type=\"container\" data-settings=\"{&quot;background_background&quot;:&quot;classic&quot;}\">\n\t\t\t\t<\/div>\n\t\t<div class=\"elementor-element elementor-element-4f6847a0 e-con-full e-flex e-con e-parent\" data-id=\"4f6847a0\" data-element_type=\"container\" data-e-type=\"container\">\n\t\t<div class=\"elementor-element elementor-element-2af1c5f e-flex e-con-boxed e-con e-child\" data-id=\"2af1c5f\" data-element_type=\"container\" data-e-type=\"container\">\n\t\t\t\t\t<div class=\"e-con-inner\">\n\t\t<div class=\"elementor-element elementor-element-7a22ab72 e-con-full e-flex e-con e-child\" data-id=\"7a22ab72\" data-element_type=\"container\" data-e-type=\"container\">\n\t\t\t\t<div class=\"elementor-element elementor-element-717ece4e elementor-widget__width-initial elementor-widget elementor-widget-heading\" data-id=\"717ece4e\" data-element_type=\"widget\" data-e-type=\"widget\" data-widget_type=\"heading.default\">\n\t\t\t\t<div class=\"elementor-widget-container\">\n\t\t\t\t\t<h3 class=\"elementor-heading-title elementor-size-default\">Votre plan. \n<span>Votre&nbsp;tranquillit\u00e9 d'esprit.<\/span><\/h3>\t\t\t\t<\/div>\n\t\t\t\t<\/div>\n\t\t\t\t<div class=\"elementor-element elementor-element-6c49c602 elementor-widget elementor-widget-text-editor\" data-id=\"6c49c602\" data-element_type=\"widget\" data-e-type=\"widget\" data-widget_type=\"text-editor.default\">\n\t\t\t\t<div class=\"elementor-widget-container\">\n\t\t\t\t\t\t\t\t\t<p>La planification successorale n&rsquo;est pas qu&rsquo;une question de documents &#8211; c&rsquo;est une question de clart\u00e9, de contr\u00f4le et de tranquillit\u00e9 d&rsquo;esprit. Notre \u00e9quipe travaille en \u00e9troite collaboration avec vous pour comprendre vos objectifs, prot\u00e9ger* vos proches et veiller \u00e0 ce que votre h\u00e9ritage soit pr\u00e9serv\u00e9 exactement comme vous l\u2019entendez.<\/p>\t\t\t\t\t\t\t\t<\/div>\n\t\t\t\t<\/div>\n\t\t\t\t<div class=\"elementor-element elementor-element-536cefe5 elementor-align-center elementor-widget elementor-widget-button\" data-id=\"536cefe5\" data-element_type=\"widget\" data-e-type=\"widget\" data-widget_type=\"button.default\">\n\t\t\t\t<div class=\"elementor-widget-container\">\n\t\t\t\t\t\t\t\t\t<div class=\"elementor-button-wrapper\">\n\t\t\t\t\t<a class=\"elementor-button elementor-button-link elementor-size-sm\" href=\"https:\/\/myriadprivatewealth.com\/fr\/nous-joindre\/\">\n\t\t\t\t\t\t<span class=\"elementor-button-content-wrapper\">\n\t\t\t\t\t\t\t\t\t<span class=\"elementor-button-text\">En savoir plus<\/span>\n\t\t\t\t\t<\/span>\n\t\t\t\t\t<\/a>\n\t\t\t\t<\/div>\n\t\t\t\t\t\t\t\t<\/div>\n\t\t\t\t<\/div>\n\t\t\t\t<\/div>\n\t\t\t\t\t<\/div>\n\t\t\t\t<\/div>\n\t\t\t\t<\/div>\n\t\t\t\t<\/div>\n\t\t","protected":false},"excerpt":{"rendered":"<p>Planification successorale et d\u2019assurance* \u00c9paul\u00e9e par un r\u00e9seau de professionnels Compos\u00e9e de notaires, comptables, actuaires, fiscalistes et avocats. Services offerts PROT\u00c9GER * : votre revenu (contre les impr\u00e9vus de la vie) votre patrimoine (imp\u00f4t sur les REER, imp\u00f4t foncier, etc.) votre succession (h\u00e9ritage) ET \u00c0 \u00c9TABLIR : des strat\u00e9gies de dons caritatifs ou de fondations [&hellip;]<\/p>\n","protected":false},"author":1,"featured_media":1197,"parent":1362,"menu_order":0,"comment_status":"closed","ping_status":"closed","template":"","meta":{"inline_featured_image":false,"footnotes":""},"class_list":["post-1380","page","type-page","status-publish","has-post-thumbnail","hentry"],"_links":{"self":[{"href":"https:\/\/myriadprivatewealth.com\/fr\/wp-json\/wp\/v2\/pages\/1380","targetHints":{"allow":["GET"]}}],"collection":[{"href":"https:\/\/myriadprivatewealth.com\/fr\/wp-json\/wp\/v2\/pages"}],"about":[{"href":"https:\/\/myriadprivatewealth.com\/fr\/wp-json\/wp\/v2\/types\/page"}],"author":[{"embeddable":true,"href":"https:\/\/myriadprivatewealth.com\/fr\/wp-json\/wp\/v2\/users\/1"}],"replies":[{"embeddable":true,"href":"https:\/\/myriadprivatewealth.com\/fr\/wp-json\/wp\/v2\/comments?post=1380"}],"version-history":[{"count":30,"href":"https:\/\/myriadprivatewealth.com\/fr\/wp-json\/wp\/v2\/pages\/1380\/revisions"}],"predecessor-version":[{"id":2442,"href":"https:\/\/myriadprivatewealth.com\/fr\/wp-json\/wp\/v2\/pages\/1380\/revisions\/2442"}],"up":[{"embeddable":true,"href":"https:\/\/myriadprivatewealth.com\/fr\/wp-json\/wp\/v2\/pages\/1362"}],"wp:featuredmedia":[{"embeddable":true,"href":"https:\/\/myriadprivatewealth.com\/fr\/wp-json\/wp\/v2\/media\/1197"}],"wp:attachment":[{"href":"https:\/\/myriadprivatewealth.com\/fr\/wp-json\/wp\/v2\/media?parent=1380"}],"curies":[{"name":"wp","href":"https:\/\/api.w.org\/{rel}","templated":true}]}}