{"id":1824,"date":"2025-10-28T16:18:58","date_gmt":"2025-10-28T20:18:58","guid":{"rendered":"https:\/\/myriadprivatewealth.com\/jessica-anne-artymiak\/"},"modified":"2026-01-08T18:29:48","modified_gmt":"2026-01-08T22:29:48","slug":"jessica-anne-artymiak","status":"publish","type":"page","link":"https:\/\/myriadprivatewealth.com\/fr\/jessica-anne-artymiak\/","title":{"rendered":"Jessica Anne Artymiak"},"content":{"rendered":"\t\t<div data-elementor-type=\"wp-page\" data-elementor-id=\"1824\" class=\"elementor elementor-1824 elementor-1655\" data-elementor-post-type=\"page\">\n\t\t\t\t<div class=\"elementor-element elementor-element-6480e9cc e-con-full e-flex e-con e-parent\" data-id=\"6480e9cc\" data-element_type=\"container\" data-e-type=\"container\" data-settings=\"{&quot;background_background&quot;:&quot;classic&quot;}\">\n\t\t<div class=\"elementor-element elementor-element-107d4a1a e-flex e-con-boxed e-con e-child\" data-id=\"107d4a1a\" data-element_type=\"container\" data-e-type=\"container\">\n\t\t\t\t\t<div class=\"e-con-inner\">\n\t\t<div class=\"elementor-element elementor-element-27b848d7 e-con-full e-flex e-con e-child\" data-id=\"27b848d7\" data-element_type=\"container\" data-e-type=\"container\">\n\t\t\t\t<\/div>\n\t\t\t\t\t<\/div>\n\t\t\t\t<\/div>\n\t\t\t\t<\/div>\n\t\t<div class=\"elementor-element elementor-element-6628f9a8 e-con-full e-flex e-con e-parent\" data-id=\"6628f9a8\" data-element_type=\"container\" data-e-type=\"container\">\n\t\t<div class=\"elementor-element elementor-element-6030039f e-flex e-con-boxed e-con e-child\" data-id=\"6030039f\" data-element_type=\"container\" data-e-type=\"container\">\n\t\t\t\t\t<div class=\"e-con-inner\">\n\t\t<div class=\"elementor-element elementor-element-9f6a62c e-con-full e-flex e-con e-child\" data-id=\"9f6a62c\" data-element_type=\"container\" data-e-type=\"container\">\n\t\t\t\t<div class=\"elementor-element elementor-element-19b09e58 elementor-widget__width-initial elementor-widget elementor-widget-heading\" data-id=\"19b09e58\" data-element_type=\"widget\" data-e-type=\"widget\" data-widget_type=\"heading.default\">\n\t\t\t\t<div class=\"elementor-widget-container\">\n\t\t\t\t\t<h2 class=\"elementor-heading-title elementor-size-default\">Vos partenaires strat\u00e9giques <span>en mati\u00e8re de&nbsp;patrimoine<\/span><\/h2>\t\t\t\t<\/div>\n\t\t\t\t<\/div>\n\t\t<div class=\"elementor-element elementor-element-5d7dea24 e-con-full e-flex e-con e-child\" data-id=\"5d7dea24\" data-element_type=\"container\" data-e-type=\"container\">\n\t\t<div class=\"elementor-element elementor-element-1f47dc05 e-con-full e-flex e-con e-child\" data-id=\"1f47dc05\" data-element_type=\"container\" data-e-type=\"container\">\n\t\t\t\t<div class=\"elementor-element elementor-element-47fa8779 elementor-widget elementor-widget-image\" data-id=\"47fa8779\" data-element_type=\"widget\" data-e-type=\"widget\" data-widget_type=\"image.default\">\n\t\t\t\t<div class=\"elementor-widget-container\">\n\t\t\t\t\t\t\t\t\t\t\t\t\t\t\t<img fetchpriority=\"high\" decoding=\"async\" width=\"1666\" height=\"2560\" src=\"https:\/\/myriadprivatewealth.com\/wp-content\/uploads\/2025\/10\/DSC02608-scaled.jpeg\" class=\"attachment-full size-full wp-image-1578\" alt=\"\" srcset=\"https:\/\/myriadprivatewealth.com\/wp-content\/uploads\/2025\/10\/DSC02608-scaled.jpeg 1666w, https:\/\/myriadprivatewealth.com\/wp-content\/uploads\/2025\/10\/DSC02608-195x300.jpeg 195w, https:\/\/myriadprivatewealth.com\/wp-content\/uploads\/2025\/10\/DSC02608-666x1024.jpeg 666w, https:\/\/myriadprivatewealth.com\/wp-content\/uploads\/2025\/10\/DSC02608-768x1180.jpeg 768w, https:\/\/myriadprivatewealth.com\/wp-content\/uploads\/2025\/10\/DSC02608-1000x1536.jpeg 1000w, https:\/\/myriadprivatewealth.com\/wp-content\/uploads\/2025\/10\/DSC02608-1333x2048.jpeg 1333w\" sizes=\"(max-width: 1666px) 100vw, 1666px\" \/>\t\t\t\t\t\t\t\t\t\t\t\t\t\t\t<\/div>\n\t\t\t\t<\/div>\n\t\t\t\t<\/div>\n\t\t<div class=\"elementor-element elementor-element-13b9295f e-con-full e-flex e-con e-child\" data-id=\"13b9295f\" data-element_type=\"container\" data-e-type=\"container\">\n\t\t\t\t<div class=\"elementor-element elementor-element-eaf4069 elementor-widget elementor-widget-heading\" data-id=\"eaf4069\" data-element_type=\"widget\" data-e-type=\"widget\" data-widget_type=\"heading.default\">\n\t\t\t\t<div class=\"elementor-widget-container\">\n\t\t\t\t\t<h5 class=\"elementor-heading-title elementor-size-default\">Jessica Anne Artymiak<\/h5>\t\t\t\t<\/div>\n\t\t\t\t<\/div>\n\t\t\t\t<div class=\"elementor-element elementor-element-52099561 elementor-widget elementor-widget-text-editor\" data-id=\"52099561\" data-element_type=\"widget\" data-e-type=\"widget\" data-widget_type=\"text-editor.default\">\n\t\t\t\t<div class=\"elementor-widget-container\">\n\t\t\t\t\t\t\t\t\t<p><a href=\"mailto:jessica@myriadprivatewealth.com\">jessica@myriadprivatewealth.com<\/a><\/p>\t\t\t\t\t\t\t\t<\/div>\n\t\t\t\t<\/div>\n\t\t\t\t<div class=\"elementor-element elementor-element-7a483a4 elementor-widget elementor-widget-text-editor\" data-id=\"7a483a4\" data-element_type=\"widget\" data-e-type=\"widget\" data-widget_type=\"text-editor.default\">\n\t\t\t\t<div class=\"elementor-widget-container\">\n\t\t\t\t\t\t\t\t\t<p>Adjointe administrative<br \/>Gestion Priv\u00e9e Myriad avec iA Gestion priv\u00e9e de patrimoine<\/p>\t\t\t\t\t\t\t\t<\/div>\n\t\t\t\t<\/div>\n\t\t\t\t<div class=\"elementor-element elementor-element-430acb6b elementor-widget elementor-widget-text-editor\" data-id=\"430acb6b\" data-element_type=\"widget\" data-e-type=\"widget\" data-widget_type=\"text-editor.default\">\n\t\t\t\t<div class=\"elementor-widget-container\">\n\t\t\t\t\t\t\t\t\t<p class=\"p1\">Jessica Anne Artymiak est adjointe administrative chez Gestion Priv\u00e9e Myriad, o\u00f9 elle soutient l\u2019\u00e9quipe gr\u00e2ce \u00e0 ses comp\u00e9tences organisationnelles exceptionnelles, son souci du d\u00e9tail et son engagement envers le service \u00e0 la client\u00e8le. Dot\u00e9e d\u2019une solide connaissance de Microsoft Word, Excel et PowerPoint, elle apporte \u00e0 son r\u00f4le \u00e0 la fois efficacit\u00e9 et professionnalisme. <\/p><p class=\"p1\">Avant de rejoindre Gestion Priv\u00e9e Myriad, Jessica a travaill\u00e9 pendant sept ans chez IG Wealth Management, o\u00f9 elle a acquis une base solide en op\u00e9rations administratives et en soutien \u00e0 la client\u00e8le. Elle est titulaire d\u2019un dipl\u00f4me en sciences sociales du Coll\u00e8ge Dawson, ainsi que d\u2019une formation professionnelle en assistance administrative, lui conf\u00e9rant \u00e0 la fois des connaissances th\u00e9oriques et pratiques lui permettant d\u2019exceller dans sa profession. <\/p><p class=\"p1\">Dans son r\u00f4le actuel, Jessica joue un r\u00f4le essentiel dans la gestion de la correspondance, la coordination des horaires et l\u2019assurance du bon fonctionnement quotidien de l\u2019\u00e9quipe et des clients. Trilingue en anglais, fran\u00e7ais et tagalog, elle poss\u00e8de une capacit\u00e9 unique \u00e0 \u00e9tablir des liens avec une client\u00e8le diversifi\u00e9e.<br><br>En dehors du travail, elle aime s\u2019entrainer et passer du temps pr\u00e9cieux avec sa famille.  <\/p>\t\t\t\t\t\t\t\t<\/div>\n\t\t\t\t<\/div>\n\t\t\t\t<\/div>\n\t\t\t\t<\/div>\n\t\t\t\t<\/div>\n\t\t\t\t\t<\/div>\n\t\t\t\t<\/div>\n\t\t\t\t<\/div>\n\t\t\t\t<\/div>\n\t\t","protected":false},"excerpt":{"rendered":"<p>Vos partenaires strat\u00e9giques en mati\u00e8re de&nbsp;patrimoine jessica@myriadprivatewealth.com Adjointe administrativeGestion Priv\u00e9e Myriad avec iA Gestion priv\u00e9e de patrimoine Jessica Anne Artymiak est adjointe administrative chez Gestion Priv\u00e9e Myriad, o\u00f9 elle soutient l\u2019\u00e9quipe gr\u00e2ce \u00e0 ses comp\u00e9tences organisationnelles exceptionnelles, son souci du d\u00e9tail et son engagement envers le service \u00e0 la client\u00e8le. Dot\u00e9e d\u2019une solide connaissance de [&hellip;]<\/p>\n","protected":false},"author":1,"featured_media":1578,"parent":0,"menu_order":0,"comment_status":"closed","ping_status":"closed","template":"","meta":{"inline_featured_image":false,"footnotes":""},"class_list":["post-1824","page","type-page","status-publish","has-post-thumbnail","hentry"],"_links":{"self":[{"href":"https:\/\/myriadprivatewealth.com\/fr\/wp-json\/wp\/v2\/pages\/1824","targetHints":{"allow":["GET"]}}],"collection":[{"href":"https:\/\/myriadprivatewealth.com\/fr\/wp-json\/wp\/v2\/pages"}],"about":[{"href":"https:\/\/myriadprivatewealth.com\/fr\/wp-json\/wp\/v2\/types\/page"}],"author":[{"embeddable":true,"href":"https:\/\/myriadprivatewealth.com\/fr\/wp-json\/wp\/v2\/users\/1"}],"replies":[{"embeddable":true,"href":"https:\/\/myriadprivatewealth.com\/fr\/wp-json\/wp\/v2\/comments?post=1824"}],"version-history":[{"count":6,"href":"https:\/\/myriadprivatewealth.com\/fr\/wp-json\/wp\/v2\/pages\/1824\/revisions"}],"predecessor-version":[{"id":2429,"href":"https:\/\/myriadprivatewealth.com\/fr\/wp-json\/wp\/v2\/pages\/1824\/revisions\/2429"}],"wp:featuredmedia":[{"embeddable":true,"href":"https:\/\/myriadprivatewealth.com\/fr\/wp-json\/wp\/v2\/media\/1578"}],"wp:attachment":[{"href":"https:\/\/myriadprivatewealth.com\/fr\/wp-json\/wp\/v2\/media?parent=1824"}],"curies":[{"name":"wp","href":"https:\/\/api.w.org\/{rel}","templated":true}]}}