{"id":1833,"date":"2025-10-28T16:19:13","date_gmt":"2025-10-28T20:19:13","guid":{"rendered":"https:\/\/myriadprivatewealth.com\/renee-patras\/"},"modified":"2026-01-08T18:28:14","modified_gmt":"2026-01-08T22:28:14","slug":"renee-patras","status":"publish","type":"page","link":"https:\/\/myriadprivatewealth.com\/fr\/renee-patras\/","title":{"rendered":"Renee Patras"},"content":{"rendered":"\t\t<div data-elementor-type=\"wp-page\" data-elementor-id=\"1833\" class=\"elementor elementor-1833 elementor-1658\" data-elementor-post-type=\"page\">\n\t\t\t\t<div class=\"elementor-element elementor-element-77204da9 e-con-full e-flex e-con e-parent\" data-id=\"77204da9\" data-element_type=\"container\" data-e-type=\"container\" data-settings=\"{&quot;background_background&quot;:&quot;classic&quot;}\">\n\t\t<div class=\"elementor-element elementor-element-2b1540c0 e-flex e-con-boxed e-con e-child\" data-id=\"2b1540c0\" data-element_type=\"container\" data-e-type=\"container\">\n\t\t\t\t\t<div class=\"e-con-inner\">\n\t\t<div class=\"elementor-element elementor-element-337dffff e-con-full e-flex e-con e-child\" data-id=\"337dffff\" data-element_type=\"container\" data-e-type=\"container\">\n\t\t\t\t<\/div>\n\t\t\t\t\t<\/div>\n\t\t\t\t<\/div>\n\t\t\t\t<\/div>\n\t\t<div class=\"elementor-element elementor-element-4cfce36 e-con-full e-flex e-con e-parent\" data-id=\"4cfce36\" data-element_type=\"container\" data-e-type=\"container\">\n\t\t<div class=\"elementor-element elementor-element-4a0d4d44 e-flex e-con-boxed e-con e-child\" data-id=\"4a0d4d44\" data-element_type=\"container\" data-e-type=\"container\">\n\t\t\t\t\t<div class=\"e-con-inner\">\n\t\t<div class=\"elementor-element elementor-element-6720ceae e-con-full e-flex e-con e-child\" data-id=\"6720ceae\" data-element_type=\"container\" data-e-type=\"container\">\n\t\t\t\t<div class=\"elementor-element elementor-element-e38a7cc elementor-widget__width-initial elementor-widget elementor-widget-heading\" data-id=\"e38a7cc\" data-element_type=\"widget\" data-e-type=\"widget\" data-widget_type=\"heading.default\">\n\t\t\t\t<div class=\"elementor-widget-container\">\n\t\t\t\t\t<h2 class=\"elementor-heading-title elementor-size-default\">Vos partenaires strat\u00e9giques <span>en mati\u00e8re de&nbsp;patrimoine<\/span><\/h2>\t\t\t\t<\/div>\n\t\t\t\t<\/div>\n\t\t<div class=\"elementor-element elementor-element-3b4ef74d e-con-full e-flex e-con e-child\" data-id=\"3b4ef74d\" data-element_type=\"container\" data-e-type=\"container\">\n\t\t<div class=\"elementor-element elementor-element-13bbee63 e-con-full e-flex e-con e-child\" data-id=\"13bbee63\" data-element_type=\"container\" data-e-type=\"container\">\n\t\t\t\t<div class=\"elementor-element elementor-element-414770fa elementor-widget elementor-widget-image\" data-id=\"414770fa\" data-element_type=\"widget\" data-e-type=\"widget\" data-widget_type=\"image.default\">\n\t\t\t\t<div class=\"elementor-widget-container\">\n\t\t\t\t\t\t\t\t\t\t\t\t\t\t\t<img fetchpriority=\"high\" decoding=\"async\" width=\"1871\" height=\"2560\" src=\"https:\/\/myriadprivatewealth.com\/wp-content\/uploads\/2025\/10\/DSC02621-scaled.jpeg\" class=\"attachment-full size-full wp-image-1590\" alt=\"\" srcset=\"https:\/\/myriadprivatewealth.com\/wp-content\/uploads\/2025\/10\/DSC02621-scaled.jpeg 1871w, https:\/\/myriadprivatewealth.com\/wp-content\/uploads\/2025\/10\/DSC02621-219x300.jpeg 219w, https:\/\/myriadprivatewealth.com\/wp-content\/uploads\/2025\/10\/DSC02621-748x1024.jpeg 748w, https:\/\/myriadprivatewealth.com\/wp-content\/uploads\/2025\/10\/DSC02621-768x1051.jpeg 768w, https:\/\/myriadprivatewealth.com\/wp-content\/uploads\/2025\/10\/DSC02621-1122x1536.jpeg 1122w, https:\/\/myriadprivatewealth.com\/wp-content\/uploads\/2025\/10\/DSC02621-1497x2048.jpeg 1497w\" sizes=\"(max-width: 1871px) 100vw, 1871px\" \/>\t\t\t\t\t\t\t\t\t\t\t\t\t\t\t<\/div>\n\t\t\t\t<\/div>\n\t\t\t\t<\/div>\n\t\t<div class=\"elementor-element elementor-element-16bd39b4 e-con-full e-flex e-con e-child\" data-id=\"16bd39b4\" data-element_type=\"container\" data-e-type=\"container\">\n\t\t\t\t<div class=\"elementor-element elementor-element-51b3ca83 elementor-widget elementor-widget-heading\" data-id=\"51b3ca83\" data-element_type=\"widget\" data-e-type=\"widget\" data-widget_type=\"heading.default\">\n\t\t\t\t<div class=\"elementor-widget-container\">\n\t\t\t\t\t<h5 class=\"elementor-heading-title elementor-size-default\">Renee Patras<\/h5>\t\t\t\t<\/div>\n\t\t\t\t<\/div>\n\t\t\t\t<div class=\"elementor-element elementor-element-212b13c5 elementor-widget elementor-widget-text-editor\" data-id=\"212b13c5\" data-element_type=\"widget\" data-e-type=\"widget\" data-widget_type=\"text-editor.default\">\n\t\t\t\t<div class=\"elementor-widget-container\">\n\t\t\t\t\t\t\t\t\t<p><a href=\"mailto:renee@myriadprivatewealth.com\">renee@myriadprivatewealth.com<\/a><\/p>\t\t\t\t\t\t\t\t<\/div>\n\t\t\t\t<\/div>\n\t\t\t\t<div class=\"elementor-element elementor-element-4345f3a3 elementor-widget elementor-widget-text-editor\" data-id=\"4345f3a3\" data-element_type=\"widget\" data-e-type=\"widget\" data-widget_type=\"text-editor.default\">\n\t\t\t\t<div class=\"elementor-widget-container\">\n\t\t\t\t\t\t\t\t\t<p>Adjointe ex\u00e9cutive<br \/>Gestion Priv\u00e9e Myriad avec iA Gestion priv\u00e9e de patrimoine<\/p>\t\t\t\t\t\t\t\t<\/div>\n\t\t\t\t<\/div>\n\t\t\t\t<div class=\"elementor-element elementor-element-4438a0d1 elementor-widget elementor-widget-text-editor\" data-id=\"4438a0d1\" data-element_type=\"widget\" data-e-type=\"widget\" data-widget_type=\"text-editor.default\">\n\t\t\t\t<div class=\"elementor-widget-container\">\n\t\t\t\t\t\t\t\t\t<p>Avec pr\u00e8s de 30 ans d\u2019exp\u00e9rience dans le soutien administratif, la gestion de bureau et la coordination des ressources humaines, Renee est une professionnelle fid\u00e8le et orient\u00e9e service \u00e0 la client\u00e8le, qui veille au bon d\u00e9roulement et \u00e0 l\u2019efficacit\u00e9 des op\u00e9rations. Elle offre un soutien fiable \u00e0 la direction et aux \u00e9quipes, avec une attention particuli\u00e8re port\u00e9e \u00e0 l\u2019organisation, \u00e0 la communication et \u00e0 la discr\u00e9tion. <\/p><p>Elle ma\u00eetrise parfaitement la suite Microsoft Office, ce qui lui permet de soutenir les besoins en mati\u00e8re de flux de travail, de rapports et de communication. Reconnue pour son respect de la confidentialit\u00e9 et sa capacit\u00e9 \u00e0 \u00e9tablir des relations professionnelles solides, elle fait preuve de fiabilit\u00e9 et de professionnalisme dans chacune de ses t\u00e2ches. Elle reste \u00e0 jour sur les technologies et les outils, cherchant continuellement \u00e0 d\u00e9velopper ses comp\u00e9tences et \u00e0 progresser sur le plan professionnel.  <\/p><p>En dehors du travail, Renee est une b\u00e9n\u00e9vole active au sein de sa communaut\u00e9, participant \u00e0 des collectes alimentaires et \u00e0 des actions locales. Elle aime voyager, passer du temps de qualit\u00e9 avec sa famille et soutenir activement les int\u00e9r\u00eats et activit\u00e9s de ses enfants. <\/p><p>Elle croit fermement que de grandes choses se r\u00e9alisent lorsque les gens travaillent ensemble avec but et int\u00e9grit\u00e9. <\/p>\t\t\t\t\t\t\t\t<\/div>\n\t\t\t\t<\/div>\n\t\t\t\t<\/div>\n\t\t\t\t<\/div>\n\t\t\t\t<\/div>\n\t\t\t\t\t<\/div>\n\t\t\t\t<\/div>\n\t\t\t\t<\/div>\n\t\t\t\t<\/div>\n\t\t","protected":false},"excerpt":{"rendered":"<p>Vos partenaires strat\u00e9giques en mati\u00e8re de&nbsp;patrimoine renee@myriadprivatewealth.com Adjointe ex\u00e9cutiveGestion Priv\u00e9e Myriad avec iA Gestion priv\u00e9e de patrimoine Avec pr\u00e8s de 30 ans d\u2019exp\u00e9rience dans le soutien administratif, la gestion de bureau et la coordination des ressources humaines, Renee est une professionnelle fid\u00e8le et orient\u00e9e service \u00e0 la client\u00e8le, qui veille au bon d\u00e9roulement et \u00e0 [&hellip;]<\/p>\n","protected":false},"author":1,"featured_media":1590,"parent":0,"menu_order":0,"comment_status":"closed","ping_status":"closed","template":"","meta":{"inline_featured_image":false,"footnotes":""},"class_list":["post-1833","page","type-page","status-publish","has-post-thumbnail","hentry"],"_links":{"self":[{"href":"https:\/\/myriadprivatewealth.com\/fr\/wp-json\/wp\/v2\/pages\/1833","targetHints":{"allow":["GET"]}}],"collection":[{"href":"https:\/\/myriadprivatewealth.com\/fr\/wp-json\/wp\/v2\/pages"}],"about":[{"href":"https:\/\/myriadprivatewealth.com\/fr\/wp-json\/wp\/v2\/types\/page"}],"author":[{"embeddable":true,"href":"https:\/\/myriadprivatewealth.com\/fr\/wp-json\/wp\/v2\/users\/1"}],"replies":[{"embeddable":true,"href":"https:\/\/myriadprivatewealth.com\/fr\/wp-json\/wp\/v2\/comments?post=1833"}],"version-history":[{"count":10,"href":"https:\/\/myriadprivatewealth.com\/fr\/wp-json\/wp\/v2\/pages\/1833\/revisions"}],"predecessor-version":[{"id":2426,"href":"https:\/\/myriadprivatewealth.com\/fr\/wp-json\/wp\/v2\/pages\/1833\/revisions\/2426"}],"wp:featuredmedia":[{"embeddable":true,"href":"https:\/\/myriadprivatewealth.com\/fr\/wp-json\/wp\/v2\/media\/1590"}],"wp:attachment":[{"href":"https:\/\/myriadprivatewealth.com\/fr\/wp-json\/wp\/v2\/media?parent=1833"}],"curies":[{"name":"wp","href":"https:\/\/api.w.org\/{rel}","templated":true}]}}