{"id":1841,"date":"2025-10-28T16:19:36","date_gmt":"2025-10-28T20:19:36","guid":{"rendered":"https:\/\/myriadprivatewealth.com\/udit-mehta\/"},"modified":"2026-01-08T18:30:40","modified_gmt":"2026-01-08T22:30:40","slug":"udit-mehta","status":"publish","type":"page","link":"https:\/\/myriadprivatewealth.com\/fr\/udit-mehta\/","title":{"rendered":"Udit Mehta"},"content":{"rendered":"\t\t<div data-elementor-type=\"wp-page\" data-elementor-id=\"1841\" class=\"elementor elementor-1841 elementor-1660\" data-elementor-post-type=\"page\">\n\t\t\t\t<div class=\"elementor-element elementor-element-7cb2ba24 e-con-full e-flex e-con e-parent\" data-id=\"7cb2ba24\" data-element_type=\"container\" data-e-type=\"container\" data-settings=\"{&quot;background_background&quot;:&quot;classic&quot;}\">\n\t\t<div class=\"elementor-element elementor-element-34129664 e-flex e-con-boxed e-con e-child\" data-id=\"34129664\" data-element_type=\"container\" data-e-type=\"container\">\n\t\t\t\t\t<div class=\"e-con-inner\">\n\t\t<div class=\"elementor-element elementor-element-a8d3e47 e-con-full e-flex e-con e-child\" data-id=\"a8d3e47\" data-element_type=\"container\" data-e-type=\"container\">\n\t\t\t\t<\/div>\n\t\t\t\t\t<\/div>\n\t\t\t\t<\/div>\n\t\t\t\t<\/div>\n\t\t<div class=\"elementor-element elementor-element-31f0a5ac e-con-full e-flex e-con e-parent\" data-id=\"31f0a5ac\" data-element_type=\"container\" data-e-type=\"container\">\n\t\t<div class=\"elementor-element elementor-element-393f6f9f e-flex e-con-boxed e-con e-child\" data-id=\"393f6f9f\" data-element_type=\"container\" data-e-type=\"container\">\n\t\t\t\t\t<div class=\"e-con-inner\">\n\t\t<div class=\"elementor-element elementor-element-c1e695f e-con-full e-flex e-con e-child\" data-id=\"c1e695f\" data-element_type=\"container\" data-e-type=\"container\">\n\t\t\t\t<div class=\"elementor-element elementor-element-6a6c975f elementor-widget__width-initial elementor-widget elementor-widget-heading\" data-id=\"6a6c975f\" data-element_type=\"widget\" data-e-type=\"widget\" data-widget_type=\"heading.default\">\n\t\t\t\t<div class=\"elementor-widget-container\">\n\t\t\t\t\t<h2 class=\"elementor-heading-title elementor-size-default\">Vos partenaires strat\u00e9giques <span>en mati\u00e8re de&nbsp;patrimoine<\/span><\/h2>\t\t\t\t<\/div>\n\t\t\t\t<\/div>\n\t\t<div class=\"elementor-element elementor-element-7e7c3d e-con-full e-flex e-con e-child\" data-id=\"7e7c3d\" data-element_type=\"container\" data-e-type=\"container\">\n\t\t<div class=\"elementor-element elementor-element-7ed23783 e-con-full e-flex e-con e-child\" data-id=\"7ed23783\" data-element_type=\"container\" data-e-type=\"container\">\n\t\t\t\t<div class=\"elementor-element elementor-element-6e824291 elementor-widget elementor-widget-image\" data-id=\"6e824291\" data-element_type=\"widget\" data-e-type=\"widget\" data-widget_type=\"image.default\">\n\t\t\t\t<div class=\"elementor-widget-container\">\n\t\t\t\t\t\t\t\t\t\t\t\t\t\t\t<img fetchpriority=\"high\" decoding=\"async\" width=\"1733\" height=\"2560\" src=\"https:\/\/myriadprivatewealth.com\/wp-content\/uploads\/2025\/10\/DSC02593-scaled.jpeg\" class=\"attachment-full size-full wp-image-1570\" alt=\"\" srcset=\"https:\/\/myriadprivatewealth.com\/wp-content\/uploads\/2025\/10\/DSC02593-scaled.jpeg 1733w, https:\/\/myriadprivatewealth.com\/wp-content\/uploads\/2025\/10\/DSC02593-203x300.jpeg 203w, https:\/\/myriadprivatewealth.com\/wp-content\/uploads\/2025\/10\/DSC02593-693x1024.jpeg 693w, https:\/\/myriadprivatewealth.com\/wp-content\/uploads\/2025\/10\/DSC02593-768x1135.jpeg 768w, https:\/\/myriadprivatewealth.com\/wp-content\/uploads\/2025\/10\/DSC02593-1040x1536.jpeg 1040w, https:\/\/myriadprivatewealth.com\/wp-content\/uploads\/2025\/10\/DSC02593-1386x2048.jpeg 1386w\" sizes=\"(max-width: 1733px) 100vw, 1733px\" \/>\t\t\t\t\t\t\t\t\t\t\t\t\t\t\t<\/div>\n\t\t\t\t<\/div>\n\t\t\t\t<\/div>\n\t\t<div class=\"elementor-element elementor-element-31eeb745 e-con-full e-flex e-con e-child\" data-id=\"31eeb745\" data-element_type=\"container\" data-e-type=\"container\">\n\t\t\t\t<div class=\"elementor-element elementor-element-71a3f8b0 elementor-widget elementor-widget-heading\" data-id=\"71a3f8b0\" data-element_type=\"widget\" data-e-type=\"widget\" data-widget_type=\"heading.default\">\n\t\t\t\t<div class=\"elementor-widget-container\">\n\t\t\t\t\t<h5 class=\"elementor-heading-title elementor-size-default\">Udit Mehta<\/h5>\t\t\t\t<\/div>\n\t\t\t\t<\/div>\n\t\t\t\t<div class=\"elementor-element elementor-element-78eadc01 elementor-widget elementor-widget-text-editor\" data-id=\"78eadc01\" data-element_type=\"widget\" data-e-type=\"widget\" data-widget_type=\"text-editor.default\">\n\t\t\t\t<div class=\"elementor-widget-container\">\n\t\t\t\t\t\t\t\t\t<p><a href=\"mailto:udit@myriadprivatewealth.com\">udit@myriadprivatewealth.com<\/a><\/p>\t\t\t\t\t\t\t\t<\/div>\n\t\t\t\t<\/div>\n\t\t\t\t<div class=\"elementor-element elementor-element-766377f9 elementor-widget elementor-widget-text-editor\" data-id=\"766377f9\" data-element_type=\"widget\" data-e-type=\"widget\" data-widget_type=\"text-editor.default\">\n\t\t\t\t<div class=\"elementor-widget-container\">\n\t\t\t\t\t\t\t\t\t<p>Conseiller en placement adjoint<br \/>Gestion Priv\u00e9e Myriad avec iA Gestion priv\u00e9e de patrimoine<\/p>\t\t\t\t\t\t\t\t<\/div>\n\t\t\t\t<\/div>\n\t\t\t\t<div class=\"elementor-element elementor-element-6d2ab21 elementor-widget elementor-widget-text-editor\" data-id=\"6d2ab21\" data-element_type=\"widget\" data-e-type=\"widget\" data-widget_type=\"text-editor.default\">\n\t\t\t\t<div class=\"elementor-widget-container\">\n\t\t\t\t\t\t\t\t\t<p>Udit Mehta est un professionnel de la finance dot\u00e9 de six ans d\u2019exp\u00e9rience dans la gestion de patrimoine, la gestion d\u2019actifs. Il apporte son exp\u00e9rience des strat\u00e9gies d&rsquo;investissement avec une approche centr\u00e9e sur le client, aidant les individus et les familles \u00e0 prendre des d\u00e9cisions financi\u00e8res en toute confiance.<\/p><p>Avant de s\u2019installer au Canada, Udit a travaill\u00e9 au sein de soci\u00e9t\u00e9s d\u2019investissement en Europe, o\u00f9 il a d\u00e9velopp\u00e9 des mod\u00e8les financiers avanc\u00e9s et soutenu des initiatives strat\u00e9giques d\u2019investissement. Il est titulaire d\u2019un MSc en Finance de SKEMA Paris et est candidat au niveau III du CFA. Son parcours \u00e9ducatif multiculturel s\u2019\u00e9tend sur trois continents et quatre pays, et il parle cinq langues \u2014 ce qui renforce sa capacit\u00e9 \u00e0 \u00e9tablir des liens avec des personnes d\u2019horizons vari\u00e9s.<\/p><p>Chez Gestion Priv\u00e9e Myriad, Udit se concentre sur la strat\u00e9gie d\u2019investissement, l\u2019efficacit\u00e9 fiscale et les relations \u00e0 long terme. En dehors du travail, il aime apprendre de nouvelles langues, cuisiner, lire, faire du v\u00e9lo et de la randonn\u00e9e.<\/p>\t\t\t\t\t\t\t\t<\/div>\n\t\t\t\t<\/div>\n\t\t\t\t<\/div>\n\t\t\t\t<\/div>\n\t\t\t\t<\/div>\n\t\t\t\t\t<\/div>\n\t\t\t\t<\/div>\n\t\t\t\t<\/div>\n\t\t\t\t<\/div>\n\t\t","protected":false},"excerpt":{"rendered":"<p>Vos partenaires strat\u00e9giques en mati\u00e8re de&nbsp;patrimoine udit@myriadprivatewealth.com Conseiller en placement adjointGestion Priv\u00e9e Myriad avec iA Gestion priv\u00e9e de patrimoine Udit Mehta est un professionnel de la finance dot\u00e9 de six ans d\u2019exp\u00e9rience dans la gestion de patrimoine, la gestion d\u2019actifs. Il apporte son exp\u00e9rience des strat\u00e9gies d&rsquo;investissement avec une approche centr\u00e9e sur le client, aidant [&hellip;]<\/p>\n","protected":false},"author":1,"featured_media":1570,"parent":0,"menu_order":0,"comment_status":"closed","ping_status":"closed","template":"","meta":{"inline_featured_image":false,"footnotes":""},"class_list":["post-1841","page","type-page","status-publish","has-post-thumbnail","hentry"],"_links":{"self":[{"href":"https:\/\/myriadprivatewealth.com\/fr\/wp-json\/wp\/v2\/pages\/1841","targetHints":{"allow":["GET"]}}],"collection":[{"href":"https:\/\/myriadprivatewealth.com\/fr\/wp-json\/wp\/v2\/pages"}],"about":[{"href":"https:\/\/myriadprivatewealth.com\/fr\/wp-json\/wp\/v2\/types\/page"}],"author":[{"embeddable":true,"href":"https:\/\/myriadprivatewealth.com\/fr\/wp-json\/wp\/v2\/users\/1"}],"replies":[{"embeddable":true,"href":"https:\/\/myriadprivatewealth.com\/fr\/wp-json\/wp\/v2\/comments?post=1841"}],"version-history":[{"count":8,"href":"https:\/\/myriadprivatewealth.com\/fr\/wp-json\/wp\/v2\/pages\/1841\/revisions"}],"predecessor-version":[{"id":2432,"href":"https:\/\/myriadprivatewealth.com\/fr\/wp-json\/wp\/v2\/pages\/1841\/revisions\/2432"}],"wp:featuredmedia":[{"embeddable":true,"href":"https:\/\/myriadprivatewealth.com\/fr\/wp-json\/wp\/v2\/media\/1570"}],"wp:attachment":[{"href":"https:\/\/myriadprivatewealth.com\/fr\/wp-json\/wp\/v2\/media?parent=1841"}],"curies":[{"name":"wp","href":"https:\/\/api.w.org\/{rel}","templated":true}]}}