{"id":2499,"date":"2026-04-17T09:23:33","date_gmt":"2026-04-17T13:23:33","guid":{"rendered":"https:\/\/myriadprivatewealth.com\/julia-carriero\/"},"modified":"2026-04-17T09:29:10","modified_gmt":"2026-04-17T13:29:10","slug":"julia-carriero","status":"publish","type":"page","link":"https:\/\/myriadprivatewealth.com\/fr\/julia-carriero\/","title":{"rendered":"Julia Carriero"},"content":{"rendered":"\t\t<div data-elementor-type=\"wp-page\" data-elementor-id=\"2499\" class=\"elementor elementor-2499 elementor-2492\" data-elementor-post-type=\"page\">\n\t\t\t\t<div class=\"elementor-element elementor-element-1cb039de e-con-full e-flex e-con e-parent\" data-id=\"1cb039de\" data-element_type=\"container\" data-e-type=\"container\" data-settings=\"{&quot;background_background&quot;:&quot;classic&quot;}\">\n\t\t<div class=\"elementor-element elementor-element-792cbc59 e-flex e-con-boxed e-con e-child\" data-id=\"792cbc59\" data-element_type=\"container\" data-e-type=\"container\">\n\t\t\t\t\t<div class=\"e-con-inner\">\n\t\t<div class=\"elementor-element elementor-element-7a2e45ad e-con-full e-flex e-con e-child\" data-id=\"7a2e45ad\" data-element_type=\"container\" data-e-type=\"container\">\n\t\t\t\t<\/div>\n\t\t\t\t\t<\/div>\n\t\t\t\t<\/div>\n\t\t\t\t<\/div>\n\t\t<div class=\"elementor-element elementor-element-28fe1e6e e-con-full e-flex e-con e-parent\" data-id=\"28fe1e6e\" data-element_type=\"container\" data-e-type=\"container\">\n\t\t<div class=\"elementor-element elementor-element-b048941 e-flex e-con-boxed e-con e-child\" data-id=\"b048941\" data-element_type=\"container\" data-e-type=\"container\">\n\t\t\t\t\t<div class=\"e-con-inner\">\n\t\t<div class=\"elementor-element elementor-element-5a23f850 e-con-full e-flex e-con e-child\" data-id=\"5a23f850\" data-element_type=\"container\" data-e-type=\"container\">\n\t\t\t\t<div class=\"elementor-element elementor-element-361b0c5c elementor-widget__width-initial elementor-widget elementor-widget-heading\" data-id=\"361b0c5c\" data-element_type=\"widget\" data-e-type=\"widget\" data-widget_type=\"heading.default\">\n\t\t\t\t<div class=\"elementor-widget-container\">\n\t\t\t\t\t<h2 class=\"elementor-heading-title elementor-size-default\">Vos partenaires strat\u00e9giques <span>en mati\u00e8re de&nbsp;patrimoine<\/span><\/h2>\t\t\t\t<\/div>\n\t\t\t\t<\/div>\n\t\t<div class=\"elementor-element elementor-element-27224760 e-con-full e-flex e-con e-child\" data-id=\"27224760\" data-element_type=\"container\" data-e-type=\"container\">\n\t\t<div class=\"elementor-element elementor-element-17d7dcd5 e-con-full e-flex e-con e-child\" data-id=\"17d7dcd5\" data-element_type=\"container\" data-e-type=\"container\">\n\t\t\t\t<div class=\"elementor-element elementor-element-18867b19 elementor-widget elementor-widget-image\" data-id=\"18867b19\" data-element_type=\"widget\" data-e-type=\"widget\" data-widget_type=\"image.default\">\n\t\t\t\t<div class=\"elementor-widget-container\">\n\t\t\t\t\t\t\t\t\t\t\t\t\t\t\t<img fetchpriority=\"high\" decoding=\"async\" width=\"600\" height=\"600\" src=\"https:\/\/myriadprivatewealth.com\/wp-content\/uploads\/2026\/04\/Portrait_Placeholder.png\" class=\"attachment-full size-full wp-image-2491\" alt=\"\" srcset=\"https:\/\/myriadprivatewealth.com\/wp-content\/uploads\/2026\/04\/Portrait_Placeholder.png 600w, https:\/\/myriadprivatewealth.com\/wp-content\/uploads\/2026\/04\/Portrait_Placeholder-300x300.png 300w, https:\/\/myriadprivatewealth.com\/wp-content\/uploads\/2026\/04\/Portrait_Placeholder-150x150.png 150w\" sizes=\"(max-width: 600px) 100vw, 600px\" \/>\t\t\t\t\t\t\t\t\t\t\t\t\t\t\t<\/div>\n\t\t\t\t<\/div>\n\t\t\t\t<\/div>\n\t\t<div class=\"elementor-element elementor-element-1b59e2c9 e-con-full e-flex e-con e-child\" data-id=\"1b59e2c9\" data-element_type=\"container\" data-e-type=\"container\">\n\t\t\t\t<div class=\"elementor-element elementor-element-21b8947 elementor-widget elementor-widget-heading\" data-id=\"21b8947\" data-element_type=\"widget\" data-e-type=\"widget\" data-widget_type=\"heading.default\">\n\t\t\t\t<div class=\"elementor-widget-container\">\n\t\t\t\t\t<h5 class=\"elementor-heading-title elementor-size-default\">Julia Carriero<\/h5>\t\t\t\t<\/div>\n\t\t\t\t<\/div>\n\t\t\t\t<div class=\"elementor-element elementor-element-bfe1afa elementor-widget elementor-widget-text-editor\" data-id=\"bfe1afa\" data-element_type=\"widget\" data-e-type=\"widget\" data-widget_type=\"text-editor.default\">\n\t\t\t\t<div class=\"elementor-widget-container\">\n\t\t\t\t\t\t\t\t\t<p>Adjointe Administrative<br>Gestion Priv\u00e9e Myriade avec iA Gestion priv\u00e9e de patrimoine<\/p>\t\t\t\t\t\t\t\t<\/div>\n\t\t\t\t<\/div>\n\t\t\t\t<div class=\"elementor-element elementor-element-16fde79c elementor-widget elementor-widget-text-editor\" data-id=\"16fde79c\" data-element_type=\"widget\" data-e-type=\"widget\" data-widget_type=\"text-editor.default\">\n\t\t\t\t<div class=\"elementor-widget-container\">\n\t\t\t\t\t\t\t\t\t<p>Julia Carriero est adjointe administrative chez Gestion Priv\u00e9e Myriade, o\u00f9 elle met \u00e0 profit ses solides comp\u00e9tences organisationnelles, son souci du d\u00e9tail et son approche ax\u00e9e sur le client pour soutenir les op\u00e9rations quotidiennes et le succ\u00e8s global de l&rsquo;\u00e9quipe. Parfaitement bilingue en anglais et en fran\u00e7ais, elle est en mesure de communiquer efficacement avec une client\u00e8le diversifi\u00e9e et des partenaires internes. <\/p>\t\t\t\t\t\t\t\t<\/div>\n\t\t\t\t<\/div>\n\t\t\t\t<div class=\"elementor-element elementor-element-24f3cd0f elementor-widget elementor-widget-text-editor\" data-id=\"24f3cd0f\" data-element_type=\"widget\" data-e-type=\"widget\" data-widget_type=\"text-editor.default\">\n\t\t\t\t<div class=\"elementor-widget-container\">\n\t\t\t\t\t\t\t\t\t<p>Avant de rejoindre Gestion Priv\u00e9e Myriade, Julia a travaill\u00e9 chez Invesco Canada pendant trois ans, acqu\u00e9rant une exp\u00e9rience en administration et d\u00e9veloppant des standards \u00e9lev\u00e9s d&rsquo;efficacit\u00e9, de rigueur et de professionnalisme. Elle est titulaire d&rsquo;un baccalaur\u00e9at de l&rsquo;Universit\u00e9 d&rsquo;Ottawa, ce qui lui a fourni une solide base acad\u00e9mique et des aptitudes \u00e0 la pens\u00e9e critique qu&rsquo;elle met \u00e0 profit chaque jour dans ses fonctions. Elle poursuit activement ses objectifs dans le secteur des services financiers et travaille actuellement \u00e0 l&rsquo;obtention de son titre de conseill\u00e8re en placement \u2014 une d\u00e9marche qui refl\u00e8te sa passion pour la finance, les relations clients et l&rsquo;apprentissage continu.  <\/p>\t\t\t\t\t\t\t\t<\/div>\n\t\t\t\t<\/div>\n\t\t\t\t<div class=\"elementor-element elementor-element-a0739c0 elementor-widget elementor-widget-text-editor\" data-id=\"a0739c0\" data-element_type=\"widget\" data-e-type=\"widget\" data-widget_type=\"text-editor.default\">\n\t\t\t\t<div class=\"elementor-widget-container\">\n\t\t\t\t\t\t\t\t\t<p>Julia joue un r\u00f4le cl\u00e9 dans le soutien des op\u00e9rations quotidiennes gr\u00e2ce \u00e0 la coordination administrative, la communication avec les clients, l&rsquo;optimisation des processus et le soutien interfonctionnel, tout en apportant constamment une approche fiable et positive aupr\u00e8s de ses coll\u00e8gues et de ses clients.<\/p>\t\t\t\t\t\t\t\t<\/div>\n\t\t\t\t<\/div>\n\t\t\t\t<div class=\"elementor-element elementor-element-920ec15 elementor-widget elementor-widget-text-editor\" data-id=\"920ec15\" data-element_type=\"widget\" data-e-type=\"widget\" data-widget_type=\"text-editor.default\">\n\t\t\t\t<div class=\"elementor-widget-container\">\n\t\t\t\t\t\t\t\t\t<p>En dehors du travail, Julia aime regarder des documentaires, faire de la p\u00e2tisserie et passer du temps avec ses deux chiens adopt\u00e9s.<\/p>\t\t\t\t\t\t\t\t<\/div>\n\t\t\t\t<\/div>\n\t\t\t\t<\/div>\n\t\t\t\t<\/div>\n\t\t\t\t<\/div>\n\t\t\t\t\t<\/div>\n\t\t\t\t<\/div>\n\t\t\t\t<\/div>\n\t\t\t\t<\/div>\n\t\t","protected":false},"excerpt":{"rendered":"<p>Vos partenaires strat\u00e9giques en mati\u00e8re de&nbsp;patrimoine Adjointe AdministrativeGestion Priv\u00e9e Myriade avec iA Gestion priv\u00e9e de patrimoine Julia Carriero est adjointe administrative chez Gestion Priv\u00e9e Myriade, o\u00f9 elle met \u00e0 profit ses solides comp\u00e9tences organisationnelles, son souci du d\u00e9tail et son approche ax\u00e9e sur le client pour soutenir les op\u00e9rations quotidiennes et le succ\u00e8s global de [&hellip;]<\/p>\n","protected":false},"author":1,"featured_media":2491,"parent":0,"menu_order":0,"comment_status":"closed","ping_status":"closed","template":"","meta":{"inline_featured_image":false,"footnotes":""},"class_list":["post-2499","page","type-page","status-publish","has-post-thumbnail","hentry"],"_links":{"self":[{"href":"https:\/\/myriadprivatewealth.com\/fr\/wp-json\/wp\/v2\/pages\/2499","targetHints":{"allow":["GET"]}}],"collection":[{"href":"https:\/\/myriadprivatewealth.com\/fr\/wp-json\/wp\/v2\/pages"}],"about":[{"href":"https:\/\/myriadprivatewealth.com\/fr\/wp-json\/wp\/v2\/types\/page"}],"author":[{"embeddable":true,"href":"https:\/\/myriadprivatewealth.com\/fr\/wp-json\/wp\/v2\/users\/1"}],"replies":[{"embeddable":true,"href":"https:\/\/myriadprivatewealth.com\/fr\/wp-json\/wp\/v2\/comments?post=2499"}],"version-history":[{"count":2,"href":"https:\/\/myriadprivatewealth.com\/fr\/wp-json\/wp\/v2\/pages\/2499\/revisions"}],"predecessor-version":[{"id":2501,"href":"https:\/\/myriadprivatewealth.com\/fr\/wp-json\/wp\/v2\/pages\/2499\/revisions\/2501"}],"wp:featuredmedia":[{"embeddable":true,"href":"https:\/\/myriadprivatewealth.com\/fr\/wp-json\/wp\/v2\/media\/2491"}],"wp:attachment":[{"href":"https:\/\/myriadprivatewealth.com\/fr\/wp-json\/wp\/v2\/media?parent=2499"}],"curies":[{"name":"wp","href":"https:\/\/api.w.org\/{rel}","templated":true}]}}